{"id":2563,"date":"2023-08-01T09:55:50","date_gmt":"2023-08-01T07:55:50","guid":{"rendered":"https:\/\/chronotachygraphe.fr\/?page_id=2563"},"modified":"2023-11-28T14:47:59","modified_gmt":"2023-11-28T13:47:59","slug":"inscription","status":"publish","type":"page","link":"https:\/\/chronotachygraphe.fr\/index.php\/inscription\/","title":{"rendered":"Inscription"},"content":{"rendered":"\t\t<div data-elementor-type=\"wp-page\" data-elementor-id=\"2563\" class=\"elementor elementor-2563\">\n\t\t\t\t\t\t<section class=\"elementor-section elementor-top-section elementor-element elementor-element-701c533 elementor-section-full_width elementor-section-stretched elementor-section-height-default elementor-section-height-default wpr-particle-no wpr-jarallax-no wpr-parallax-no wpr-sticky-section-no wpr-equal-height-no\" data-id=\"701c533\" data-element_type=\"section\" data-e-type=\"section\" data-settings=\"{&quot;stretch_section&quot;:&quot;section-stretched&quot;,&quot;background_background&quot;:&quot;classic&quot;}\">\n\t\t\t\t\t\t<div class=\"elementor-container elementor-column-gap-default\">\n\t\t\t\t\t<div class=\"elementor-column elementor-col-33 elementor-top-column elementor-element elementor-element-5a48b55\" data-id=\"5a48b55\" data-element_type=\"column\" data-e-type=\"column\">\n\t\t\t<div class=\"elementor-widget-wrap elementor-element-populated\">\n\t\t\t\t\t\t<div class=\"elementor-element elementor-element-415a166 elementor-widget__width-initial elementor-widget elementor-widget-image\" data-id=\"415a166\" data-element_type=\"widget\" data-e-type=\"widget\" data-widget_type=\"image.default\">\n\t\t\t\t<div class=\"elementor-widget-container\">\n\t\t\t\t\t\t\t\t\t\t\t\t\t\t\t<img fetchpriority=\"high\" decoding=\"async\" width=\"1024\" height=\"421\" src=\"https:\/\/chronotachygraphe.fr\/wp-content\/uploads\/2-logo-blanc.png\" class=\"attachment-large size-large wp-image-3711\" alt=\"\" \/>\t\t\t\t\t\t\t\t\t\t\t\t\t\t\t<\/div>\n\t\t\t\t<\/div>\n\t\t\t\t\t<\/div>\n\t\t<\/div>\n\t\t\t\t<div class=\"elementor-column elementor-col-66 elementor-top-column elementor-element elementor-element-c064972\" data-id=\"c064972\" data-element_type=\"column\" data-e-type=\"column\">\n\t\t\t<div class=\"elementor-widget-wrap elementor-element-populated\">\n\t\t\t\t\t\t<div class=\"elementor-element elementor-element-8cceb02 elementor-widget__width-initial elementor-widget elementor-widget-heading\" data-id=\"8cceb02\" data-element_type=\"widget\" data-e-type=\"widget\" data-widget_type=\"heading.default\">\n\t\t\t\t<div class=\"elementor-widget-container\">\n\t\t\t\t\t<h1 class=\"elementor-heading-title elementor-size-default\">Cr\u00e9er un compte<\/h1>\t\t\t\t<\/div>\n\t\t\t\t<\/div>\n\t\t\t\t\t<\/div>\n\t\t<\/div>\n\t\t\t\t\t<\/div>\n\t\t<\/section>\n\t\t\t\t<section class=\"elementor-section elementor-top-section elementor-element elementor-element-ef92bac elementor-section-full_width elementor-section-height-min-height elementor-section-stretched elementor-section-height-default elementor-section-items-middle wpr-particle-no wpr-jarallax-no wpr-parallax-no wpr-sticky-section-no wpr-equal-height-no elementor-invisible\" data-id=\"ef92bac\" data-element_type=\"section\" data-e-type=\"section\" data-settings=\"{&quot;background_background&quot;:&quot;classic&quot;,&quot;animation&quot;:&quot;zoomIn&quot;,&quot;stretch_section&quot;:&quot;section-stretched&quot;}\">\n\t\t\t\t\t\t\t<div class=\"elementor-background-overlay\"><\/div>\n\t\t\t\t\t\t\t<div class=\"elementor-container elementor-column-gap-default\">\n\t\t\t\t\t<div class=\"elementor-column elementor-col-100 elementor-top-column elementor-element elementor-element-aae44a2\" data-id=\"aae44a2\" data-element_type=\"column\" data-e-type=\"column\" data-settings=\"{&quot;background_background&quot;:&quot;classic&quot;}\">\n\t\t\t<div class=\"elementor-widget-wrap elementor-element-populated\">\n\t\t\t\t\t<div class=\"elementor-background-overlay\"><\/div>\n\t\t\t\t\t\t<div class=\"elementor-element elementor-element-609e71f6 elementor-widget elementor-widget-text-editor\" data-id=\"609e71f6\" data-element_type=\"widget\" data-e-type=\"widget\" data-widget_type=\"text-editor.default\">\n\t\t\t\t<div class=\"elementor-widget-container\">\n\t\t\t\t\t\t\t\t\t\n<p><\/p>\n\n\n<div class=\"um um-register um-2557\">\n<div class=\"um-form\" data-mode=\"register\">\n<form method=\"post\" action=\"\">\n<div class=\"um-row _um_row_1  um-customized-row\" style=\"padding: 50px 50px 50px 50px;background-color: #c60c30;margin: 0px 0px 30px 0px;border-width: 0px 0px 0px 0px;border-style: solid;border-color: \/;border-radius: 0px;color: #ffffff !important;\">\n<div class=\"um-col-121\">\n<div  id=\"um_field_2557_first_name\" class=\"um-field um-field-text  um-field-first_name um-field-text um-field-type_text\" data-key=\"first_name\">\n<div class=\"um-field-label\"><label for=\"first_name-2557\">Pr\u00e9nom<span class=\"um-req\" title=\"Obligatoire\">*<\/span><\/label><\/p>\n<div class=\"um-clear\"><\/div>\n<\/div>\n<div class=\"um-field-area\"><input  autocomplete=\"off\" class=\"um-form-field valid \" type=\"text\" name=\"first_name-2557\" id=\"first_name-2557\" value=\"\" placeholder=\"\" data-validate=\"\" data-key=\"first_name\"  aria-invalid=\"false\" \/><\/p><\/div>\n<\/div>\n<div  id=\"um_field_2557_last_name\" class=\"um-field um-field-text  um-field-last_name um-field-text um-field-type_text\" data-key=\"last_name\">\n<div class=\"um-field-label\"><label for=\"last_name-2557\">Nom<span class=\"um-req\" title=\"Obligatoire\">*<\/span><\/label><\/p>\n<div class=\"um-clear\"><\/div>\n<\/div>\n<div class=\"um-field-area\"><input  autocomplete=\"off\" class=\"um-form-field valid \" type=\"text\" name=\"last_name-2557\" id=\"last_name-2557\" value=\"\" placeholder=\"\" data-validate=\"\" data-key=\"last_name\"  aria-invalid=\"false\" \/><\/p><\/div>\n<\/div>\n<div  id=\"um_field_2557_user_email\" class=\"um-field um-field-text  um-field-user_email um-field-text um-field-type_text\" data-key=\"user_email\">\n<div class=\"um-field-label\"><label for=\"user_email-2557\">Adresse e-mail<span class=\"um-req\" title=\"Obligatoire\">*<\/span><\/label><\/p>\n<div class=\"um-clear\"><\/div>\n<\/div>\n<div class=\"um-field-area\"><input  autocomplete=\"off\" class=\"um-form-field valid \" type=\"text\" name=\"user_email-2557\" id=\"user_email-2557\" value=\"\" placeholder=\"\" data-validate=\"unique_email\" data-key=\"user_email\"  aria-invalid=\"false\" \/><\/p><\/div>\n<\/div>\n<div  id=\"um_field_2557_user_password\" class=\"um-field um-field-password  um-field-user_password um-field-password um-field-type_password\" data-key=\"user_password\">\n<div class=\"um-field-label\"><label for=\"user_password-2557\">Mot de passe<span class=\"um-req\" title=\"Obligatoire\">*<\/span><\/label><\/p>\n<div class=\"um-clear\"><\/div>\n<\/div>\n<div class=\"um-field-area\">\n<div class=\"um-field-area-password\">\n\t\t\t\t\t\t\t\t\t<input class=\"um-form-field valid \" type=\"password\" name=\"user_password-2557\" id=\"user_password-2557\" value=\"\" placeholder=\"\" data-validate=\"\" data-key=\"user_password\"  aria-invalid=\"false\" \/><br \/>\n\t\t\t\t\t\t\t\t\t<span class=\"um-toggle-password\"><i class=\"um-icon-eye\"><\/i><\/span>\n\t\t\t\t\t\t\t\t<\/div>\n<\/p><\/div>\n<\/div>\n<div  id=\"um_field_2557_confirm_user_password\" class=\"um-field um-field-password  um-field-user_password um-field-password um-field-type_password\" data-key=\"confirm_user_password\">\n<div class=\"um-field-label\"><label for=\"confirm_user_password-2557\">Confirmer le Mot de passe<span class=\"um-req\" title=\"Obligatoire\">*<\/span><\/label><\/p>\n<div class=\"um-clear\"><\/div>\n<\/div>\n<div class=\"um-field-area\">\n<div class=\"um-field-area-password\"><input class=\"um-form-field valid \" type=\"password\" name=\"confirm_user_password-2557\" id=\"confirm_user_password-2557\" value=\"\" placeholder=\"Confirmer le Mot de passe\" data-validate=\"\" data-key=\"confirm_user_password\"  aria-invalid=\"false\" \/><span class=\"um-toggle-password\"><i class=\"um-icon-eye\"><\/i><\/span><\/div>\n<\/div>\n<\/div>\n<div  id=\"um_field_2557_role_11\" class=\"um-field um-field-multiselect  um-field-role_11 um-field-multiselect um-field-type_multiselect\" data-key=\"role_11\">\n<div class=\"um-field-label\"><label for=\"role_11-2557\">R\u00f4le<span class=\"um-req\" title=\"Obligatoire\">*<\/span><\/label><\/p>\n<div class=\"um-clear\"><\/div>\n<\/div>\n<div class=\"um-field-area  \"><select   multiple=\"multiple\" name=\"role_11[]\" id=\"role_11\" data-maxsize=\"0\" data-validate=\"\" data-key=\"role_11\" class=\"um-form-field valid um-s1 \" style=\"width: 100%\" data-placeholder=\"\"  aria-invalid=\"false\" ><option value=\"\"><\/option><option value=\"Technicien tachygraphe\" >Technicien tachygraphe<\/option><option value=\"Technicien EAD\" >Technicien EAD<\/option><option value=\"Technicien LABTAC\" >Technicien LABTAC<\/option><\/select><\/div>\n<\/div>\n<\/div>\n<div class=\"um-col-122\">\n<div  id=\"um_field_2557_numero_client\" class=\"um-field um-field-number  um-field-numero_client um-field-number um-field-type_number\" data-key=\"numero_client\">\n<div class=\"um-field-label\">\n<div class=\"um-field-label-icon\"><i class=\"um-icon-alert\" aria-label=\"Num\u00e9ro client\"><\/i><\/div>\n<p><label for=\"numero_client-2557\">Num\u00e9ro client<span class=\"um-req\" title=\"Obligatoire\">*<\/span><\/label><span class=\"um-tip um-tip-w\" title=\"Num\u00e9ro de client Inodis communiqu\u00e9 \u00e0 votre ouverture de compte\"><i class=\"um-icon-help-circled\"><\/i><\/span><\/p>\n<div class=\"um-clear\"><\/div>\n<\/div>\n<div class=\"um-field-area\"><input  class=\"um-form-field valid \" type=\"number\" name=\"numero_client-2557\" id=\"numero_client-2557\" value=\"\" placeholder=\"\" data-validate=\"numeric\" data-key=\"numero_client\"   aria-invalid=\"false\" \/><\/p><\/div>\n<\/div>\n<div  id=\"um_field_2557_role\" class=\"um-field um-field-text  um-field-role um-field-text um-field-type_text\" data-key=\"role\">\n<div class=\"um-field-label\"><label for=\"role-2557\">Fonction<span class=\"um-req\" title=\"Obligatoire\">*<\/span><\/label><\/p>\n<div class=\"um-clear\"><\/div>\n<\/div>\n<div class=\"um-field-area\"><input  autocomplete=\"off\" class=\"um-form-field valid \" type=\"text\" name=\"role-2557\" id=\"role-2557\" value=\"\" placeholder=\"\" data-validate=\"\" data-key=\"role\"  aria-invalid=\"false\" \/><\/p><\/div>\n<\/div>\n<div  id=\"um_field_2557_company\" class=\"um-field um-field-text  um-field-company um-field-text um-field-type_text\" data-key=\"company\">\n<div class=\"um-field-label\"><label for=\"company-2557\">Entreprise<span class=\"um-req\" title=\"Obligatoire\">*<\/span><\/label><\/p>\n<div class=\"um-clear\"><\/div>\n<\/div>\n<div class=\"um-field-area\"><input  autocomplete=\"off\" class=\"um-form-field valid \" type=\"text\" name=\"company-2557\" id=\"company-2557\" value=\"\" placeholder=\"\" data-validate=\"alpha_numeric\" data-key=\"company\"  aria-invalid=\"false\" \/><\/p><\/div>\n<\/div>\n<div  id=\"um_field_2557_postal_code\" class=\"um-field um-field-number  um-field-postal_code um-field-number um-field-type_number\" data-key=\"postal_code\">\n<div class=\"um-field-label\"><label for=\"postal_code-2557\">Code postal<span class=\"um-req\" title=\"Obligatoire\">*<\/span><\/label><\/p>\n<div class=\"um-clear\"><\/div>\n<\/div>\n<div class=\"um-field-area\"><input  class=\"um-form-field valid \" type=\"number\" name=\"postal_code-2557\" id=\"postal_code-2557\" value=\"\" placeholder=\"\" data-validate=\"numeric\" data-key=\"postal_code\"   aria-invalid=\"false\" \/><\/p><\/div>\n<\/div>\n<\/div>\n<div class=\"um-clear\"><\/div>\n<\/div>\n<p>\t<input type=\"hidden\" name=\"form_id\" id=\"form_id_2557\" value=\"2557\" \/><\/p>\n<p class=\"um_request_name\">\n\t\t<label for=\"um_request_2557\">Only fill in if you are not human<\/label><br \/>\n\t\t<input type=\"hidden\" name=\"um_request\" id=\"um_request_2557\" class=\"input\" value=\"\" size=\"25\" autocomplete=\"off\" \/>\n\t<\/p>\n<div id=\"cf-turnstile-um-register\"\n\t\tclass=\"cf-turnstile\" \t\tdata-sitekey=\"0x4AAAAAAB_nMACulR-e2IV1\"\n\t\tdata-theme=\"light\"\n\t\tdata-language=\"auto\"\n\t\tdata-size=\"normal\"\n\t\tdata-retry=\"auto\" data-retry-interval=\"1000\"\n\t\tdata-refresh-expired=\"auto\"\n\t\tdata-action=\"ultimate-member\"\n\t\t\t\tdata-appearance=\"always\"><\/div>\n<p>\t\t\t<script>document.addEventListener(\"DOMContentLoaded\", function() { setTimeout(function(){ var e=document.getElementById(\"cf-turnstile-um-register\"); e&&!e.innerHTML.trim()&&(turnstile.remove(\"#cf-turnstile-um-register\"), turnstile.render(\"#cf-turnstile-um-register\", {sitekey:\"0x4AAAAAAB_nMACulR-e2IV1\"})); }, 100); });<\/script><br \/>\n\t\t\t<br class=\"cf-turnstile-br cf-turnstile-br-um-register\"><\/p>\n<style>#cf-turnstile-um-register { margin-left: -15px; }<\/style>\n<p>\t\t<input type=\"hidden\" id=\"_wpnonce\" name=\"_wpnonce\" value=\"9ead6200ec\" \/><input type=\"hidden\" name=\"_wp_http_referer\" value=\"\/index.php\/wp-json\/wp\/v2\/pages\/2563\" \/><\/p>\n<div class=\"um-col-alt\">\n<div class=\"um-center\">\n\t\t\t\t<input type=\"submit\" value=\"S\u2019inscrire\" class=\"um-button\" id=\"um-submit-btn\" \/>\n\t\t\t<\/div>\n<div class=\"um-clear\"><\/div>\n<\/p><\/div>\n<\/p><\/form>\n<\/p><\/div>\n<\/div>\n<style>\n\t\t\t.um-2557.um {\n\t\t\tmax-width: 800px;\n\t\t}\n\t\t<\/style>\n\t\t\t\t\t\t\t\t<\/div>\n\t\t\t\t<\/div>\n\t\t\t\t\t<\/div>\n\t\t<\/div>\n\t\t\t\t\t<\/div>\n\t\t<\/section>\n\t\t\t\t<\/div>\n\t\t","protected":false},"excerpt":{"rendered":"<p>Cr\u00e9er un compte<\/p>\n","protected":false},"author":7,"featured_media":0,"parent":0,"menu_order":0,"comment_status":"closed","ping_status":"closed","template":"","meta":{"_acf_changed":false,"_monsterinsights_skip_tracking":false,"_monsterinsights_sitenote_active":false,"_monsterinsights_sitenote_note":"","_monsterinsights_sitenote_category":0,"neve_meta_sidebar":"","neve_meta_container":"default","neve_meta_enable_content_width":"","neve_meta_content_width":0,"neve_meta_title_alignment":"","neve_meta_author_avatar":"","neve_post_elements_order":"","neve_meta_disable_header":"on","neve_meta_disable_footer":"on","neve_meta_disable_title":"on","footnotes":""},"class_list":["post-2563","page","type-page","status-publish","hentry"],"acf":[],"yoast_head":"<!-- This site is optimized with the Yoast SEO plugin v27.3 - https:\/\/yoast.com\/product\/yoast-seo-wordpress\/ -->\n<title>Inscription - Extranet Inodis | Chronotachygraphe.fr<\/title>\n<meta name=\"robots\" content=\"noindex, follow, max-snippet:-1, max-image-preview:large, max-video-preview:-1\" \/>\n<meta property=\"og:locale\" content=\"fr_FR\" \/>\n<meta property=\"og:type\" content=\"article\" \/>\n<meta property=\"og:title\" content=\"Inscription - Extranet Inodis | Chronotachygraphe.fr\" \/>\n<meta property=\"og:description\" content=\"Cr\u00e9er un compte\" \/>\n<meta property=\"og:url\" content=\"https:\/\/chronotachygraphe.fr\/index.php\/inscription\/\" \/>\n<meta property=\"og:site_name\" content=\"Extranet Inodis | Chronotachygraphe.fr\" \/>\n<meta property=\"article:modified_time\" content=\"2023-11-28T13:47:59+00:00\" \/>\n<meta property=\"og:image\" content=\"https:\/\/chronotachygraphe.fr\/wp-content\/uploads\/2-logo-blanc.png\" \/>\n<meta name=\"twitter:card\" content=\"summary_large_image\" \/>\n<meta name=\"twitter:label1\" content=\"Dur\u00e9e de lecture estim\u00e9e\" \/>\n\t<meta name=\"twitter:data1\" content=\"1 minute\" \/>\n<script type=\"application\/ld+json\" class=\"yoast-schema-graph\">{\"@context\":\"https:\\\/\\\/schema.org\",\"@graph\":[{\"@type\":\"WebPage\",\"@id\":\"https:\\\/\\\/chronotachygraphe.fr\\\/index.php\\\/inscription\\\/\",\"url\":\"https:\\\/\\\/chronotachygraphe.fr\\\/index.php\\\/inscription\\\/\",\"name\":\"Inscription - Extranet Inodis | Chronotachygraphe.fr\",\"isPartOf\":{\"@id\":\"https:\\\/\\\/chronotachygraphe.fr\\\/#website\"},\"primaryImageOfPage\":{\"@id\":\"https:\\\/\\\/chronotachygraphe.fr\\\/index.php\\\/inscription\\\/#primaryimage\"},\"image\":{\"@id\":\"https:\\\/\\\/chronotachygraphe.fr\\\/index.php\\\/inscription\\\/#primaryimage\"},\"thumbnailUrl\":\"https:\\\/\\\/chronotachygraphe.fr\\\/wp-content\\\/uploads\\\/2-logo-blanc.png\",\"datePublished\":\"2023-08-01T07:55:50+00:00\",\"dateModified\":\"2023-11-28T13:47:59+00:00\",\"breadcrumb\":{\"@id\":\"https:\\\/\\\/chronotachygraphe.fr\\\/index.php\\\/inscription\\\/#breadcrumb\"},\"inLanguage\":\"fr-FR\",\"potentialAction\":[{\"@type\":\"ReadAction\",\"target\":[\"https:\\\/\\\/chronotachygraphe.fr\\\/index.php\\\/inscription\\\/\"]}]},{\"@type\":\"ImageObject\",\"inLanguage\":\"fr-FR\",\"@id\":\"https:\\\/\\\/chronotachygraphe.fr\\\/index.php\\\/inscription\\\/#primaryimage\",\"url\":\"https:\\\/\\\/chronotachygraphe.fr\\\/wp-content\\\/uploads\\\/2-logo-blanc.png\",\"contentUrl\":\"https:\\\/\\\/chronotachygraphe.fr\\\/wp-content\\\/uploads\\\/2-logo-blanc.png\",\"width\":3042,\"height\":1250},{\"@type\":\"BreadcrumbList\",\"@id\":\"https:\\\/\\\/chronotachygraphe.fr\\\/index.php\\\/inscription\\\/#breadcrumb\",\"itemListElement\":[{\"@type\":\"ListItem\",\"position\":1,\"name\":\"Accueil\",\"item\":\"https:\\\/\\\/chronotachygraphe.fr\\\/\"},{\"@type\":\"ListItem\",\"position\":2,\"name\":\"Inscription\"}]},{\"@type\":\"WebSite\",\"@id\":\"https:\\\/\\\/chronotachygraphe.fr\\\/#website\",\"url\":\"https:\\\/\\\/chronotachygraphe.fr\\\/\",\"name\":\"Extranet Inodis | Chronotachygraphe.fr\",\"description\":\"Assistance technique et r\u00e9glementaire Inodis\",\"publisher\":{\"@id\":\"https:\\\/\\\/chronotachygraphe.fr\\\/#organization\"},\"potentialAction\":[{\"@type\":\"SearchAction\",\"target\":{\"@type\":\"EntryPoint\",\"urlTemplate\":\"https:\\\/\\\/chronotachygraphe.fr\\\/?s={search_term_string}\"},\"query-input\":{\"@type\":\"PropertyValueSpecification\",\"valueRequired\":true,\"valueName\":\"search_term_string\"}}],\"inLanguage\":\"fr-FR\"},{\"@type\":\"Organization\",\"@id\":\"https:\\\/\\\/chronotachygraphe.fr\\\/#organization\",\"name\":\"Extranet Inodis | Chronotachygraphe.fr\",\"url\":\"https:\\\/\\\/chronotachygraphe.fr\\\/\",\"logo\":{\"@type\":\"ImageObject\",\"inLanguage\":\"fr-FR\",\"@id\":\"https:\\\/\\\/chronotachygraphe.fr\\\/#\\\/schema\\\/logo\\\/image\\\/\",\"url\":\"https:\\\/\\\/chronotachygraphe.fr\\\/wp-content\\\/uploads\\\/2023\\\/08\\\/logo-inodis.png\",\"contentUrl\":\"https:\\\/\\\/chronotachygraphe.fr\\\/wp-content\\\/uploads\\\/2023\\\/08\\\/logo-inodis.png\",\"width\":3042,\"height\":1250,\"caption\":\"Extranet Inodis | Chronotachygraphe.fr\"},\"image\":{\"@id\":\"https:\\\/\\\/chronotachygraphe.fr\\\/#\\\/schema\\\/logo\\\/image\\\/\"}}]}<\/script>\n<!-- \/ Yoast SEO plugin. -->","yoast_head_json":{"title":"Inscription - Extranet Inodis | Chronotachygraphe.fr","robots":{"index":"noindex","follow":"follow","max-snippet":"max-snippet:-1","max-image-preview":"max-image-preview:large","max-video-preview":"max-video-preview:-1"},"og_locale":"fr_FR","og_type":"article","og_title":"Inscription - Extranet Inodis | Chronotachygraphe.fr","og_description":"Cr\u00e9er un compte","og_url":"https:\/\/chronotachygraphe.fr\/index.php\/inscription\/","og_site_name":"Extranet Inodis | Chronotachygraphe.fr","article_modified_time":"2023-11-28T13:47:59+00:00","og_image":[{"url":"https:\/\/chronotachygraphe.fr\/wp-content\/uploads\/2-logo-blanc.png","type":"","width":"","height":""}],"twitter_card":"summary_large_image","twitter_misc":{"Dur\u00e9e de lecture estim\u00e9e":"1 minute"},"schema":{"@context":"https:\/\/schema.org","@graph":[{"@type":"WebPage","@id":"https:\/\/chronotachygraphe.fr\/index.php\/inscription\/","url":"https:\/\/chronotachygraphe.fr\/index.php\/inscription\/","name":"Inscription - Extranet Inodis | Chronotachygraphe.fr","isPartOf":{"@id":"https:\/\/chronotachygraphe.fr\/#website"},"primaryImageOfPage":{"@id":"https:\/\/chronotachygraphe.fr\/index.php\/inscription\/#primaryimage"},"image":{"@id":"https:\/\/chronotachygraphe.fr\/index.php\/inscription\/#primaryimage"},"thumbnailUrl":"https:\/\/chronotachygraphe.fr\/wp-content\/uploads\/2-logo-blanc.png","datePublished":"2023-08-01T07:55:50+00:00","dateModified":"2023-11-28T13:47:59+00:00","breadcrumb":{"@id":"https:\/\/chronotachygraphe.fr\/index.php\/inscription\/#breadcrumb"},"inLanguage":"fr-FR","potentialAction":[{"@type":"ReadAction","target":["https:\/\/chronotachygraphe.fr\/index.php\/inscription\/"]}]},{"@type":"ImageObject","inLanguage":"fr-FR","@id":"https:\/\/chronotachygraphe.fr\/index.php\/inscription\/#primaryimage","url":"https:\/\/chronotachygraphe.fr\/wp-content\/uploads\/2-logo-blanc.png","contentUrl":"https:\/\/chronotachygraphe.fr\/wp-content\/uploads\/2-logo-blanc.png","width":3042,"height":1250},{"@type":"BreadcrumbList","@id":"https:\/\/chronotachygraphe.fr\/index.php\/inscription\/#breadcrumb","itemListElement":[{"@type":"ListItem","position":1,"name":"Accueil","item":"https:\/\/chronotachygraphe.fr\/"},{"@type":"ListItem","position":2,"name":"Inscription"}]},{"@type":"WebSite","@id":"https:\/\/chronotachygraphe.fr\/#website","url":"https:\/\/chronotachygraphe.fr\/","name":"Extranet Inodis | Chronotachygraphe.fr","description":"Assistance technique et r\u00e9glementaire Inodis","publisher":{"@id":"https:\/\/chronotachygraphe.fr\/#organization"},"potentialAction":[{"@type":"SearchAction","target":{"@type":"EntryPoint","urlTemplate":"https:\/\/chronotachygraphe.fr\/?s={search_term_string}"},"query-input":{"@type":"PropertyValueSpecification","valueRequired":true,"valueName":"search_term_string"}}],"inLanguage":"fr-FR"},{"@type":"Organization","@id":"https:\/\/chronotachygraphe.fr\/#organization","name":"Extranet Inodis | Chronotachygraphe.fr","url":"https:\/\/chronotachygraphe.fr\/","logo":{"@type":"ImageObject","inLanguage":"fr-FR","@id":"https:\/\/chronotachygraphe.fr\/#\/schema\/logo\/image\/","url":"https:\/\/chronotachygraphe.fr\/wp-content\/uploads\/2023\/08\/logo-inodis.png","contentUrl":"https:\/\/chronotachygraphe.fr\/wp-content\/uploads\/2023\/08\/logo-inodis.png","width":3042,"height":1250,"caption":"Extranet Inodis | Chronotachygraphe.fr"},"image":{"@id":"https:\/\/chronotachygraphe.fr\/#\/schema\/logo\/image\/"}}]}},"_links":{"self":[{"href":"https:\/\/chronotachygraphe.fr\/index.php\/wp-json\/wp\/v2\/pages\/2563","targetHints":{"allow":["GET"]}}],"collection":[{"href":"https:\/\/chronotachygraphe.fr\/index.php\/wp-json\/wp\/v2\/pages"}],"about":[{"href":"https:\/\/chronotachygraphe.fr\/index.php\/wp-json\/wp\/v2\/types\/page"}],"author":[{"embeddable":true,"href":"https:\/\/chronotachygraphe.fr\/index.php\/wp-json\/wp\/v2\/users\/7"}],"replies":[{"embeddable":true,"href":"https:\/\/chronotachygraphe.fr\/index.php\/wp-json\/wp\/v2\/comments?post=2563"}],"version-history":[{"count":0,"href":"https:\/\/chronotachygraphe.fr\/index.php\/wp-json\/wp\/v2\/pages\/2563\/revisions"}],"wp:attachment":[{"href":"https:\/\/chronotachygraphe.fr\/index.php\/wp-json\/wp\/v2\/media?parent=2563"}],"curies":[{"name":"wp","href":"https:\/\/api.w.org\/{rel}","templated":true}]}}