{"id":8016,"date":"2024-05-22T15:15:42","date_gmt":"2024-05-22T13:15:42","guid":{"rendered":"https:\/\/chronotachygraphe.fr\/?page_id=8016"},"modified":"2026-02-26T09:10:17","modified_gmt":"2026-02-26T08:10:17","slug":"equivalences","status":"publish","type":"page","link":"https:\/\/chronotachygraphe.fr\/index.php\/equivalences\/","title":{"rendered":"Equivalences"},"content":{"rendered":"\t\t<div data-elementor-type=\"wp-page\" data-elementor-id=\"8016\" class=\"elementor elementor-8016\">\n\t\t\t\t\t\t<section class=\"elementor-section elementor-top-section elementor-element elementor-element-2a5aa587 elementor-section-full_width elementor-section-height-min-height elementor-section-items-stretch elementor-section-stretched elementor-section-height-default wpr-particle-no wpr-jarallax-no wpr-parallax-no wpr-sticky-section-no wpr-column-slider-no wpr-equal-height-no\" data-id=\"2a5aa587\" data-element_type=\"section\" data-e-type=\"section\" data-settings=\"{&quot;stretch_section&quot;:&quot;section-stretched&quot;,&quot;background_background&quot;:&quot;video&quot;,&quot;background_video_link&quot;:&quot;https:\\\/\\\/youtu.be\\\/S1xfNdlUdgQ&quot;}\">\n\t\t\t\t\t\t\t\t<div class=\"elementor-background-video-container elementor-hidden-mobile\">\n\t\t\t\t\t\t\t\t\t\t\t\t\t<div class=\"elementor-background-video-embed\" role=\"presentation\"><\/div>\n\t\t\t\t\t\t\t\t\t\t\t\t<\/div>\n\t\t\t\t\t\t\t\t<div class=\"elementor-container elementor-column-gap-extended\">\n\t\t\t\t\t<div class=\"elementor-column elementor-col-100 elementor-top-column elementor-element elementor-element-3038da4f\" data-id=\"3038da4f\" data-element_type=\"column\" data-e-type=\"column\" data-settings=\"{&quot;background_background&quot;:&quot;gradient&quot;}\">\n\t\t\t<div class=\"elementor-widget-wrap elementor-element-populated\">\n\t\t\t\t\t\t<div class=\"elementor-element elementor-element-36b6d1ed elementor-view-framed elementor-shape-circle elementor-widget elementor-widget-icon\" data-id=\"36b6d1ed\" data-element_type=\"widget\" data-e-type=\"widget\" data-widget_type=\"icon.default\">\n\t\t\t\t<div class=\"elementor-widget-container\">\n\t\t\t\t\t\t\t<div class=\"elementor-icon-wrapper\">\n\t\t\t<div class=\"elementor-icon\">\n\t\t\t<i aria-hidden=\"true\" class=\"fas fa-arrows-alt-h\"><\/i>\t\t\t<\/div>\n\t\t<\/div>\n\t\t\t\t\t\t<\/div>\n\t\t\t\t<\/div>\n\t\t\t\t<div class=\"elementor-element elementor-element-3948a263 elementor-widget-mobile__width-initial elementor-widget elementor-widget-heading\" data-id=\"3948a263\" data-element_type=\"widget\" data-e-type=\"widget\" data-widget_type=\"heading.default\">\n\t\t\t\t<div class=\"elementor-widget-container\">\n\t\t\t\t\t<h1 class=\"elementor-heading-title elementor-size-default\">Equivalences  r\u00e9f\u00e9rences VU  et capteurs<\/h1>\t\t\t\t<\/div>\n\t\t\t\t<\/div>\n\t\t\t\t\t<\/div>\n\t\t<\/div>\n\t\t\t\t\t<\/div>\n\t\t<\/section>\n\t\t\t\t<section class=\"elementor-section elementor-top-section elementor-element elementor-element-293d474 elementor-section-boxed elementor-section-height-default elementor-section-height-default wpr-particle-no wpr-jarallax-no wpr-parallax-no wpr-sticky-section-no wpr-column-slider-no wpr-equal-height-no\" data-id=\"293d474\" data-element_type=\"section\" data-e-type=\"section\">\n\t\t\t\t\t\t<div class=\"elementor-container elementor-column-gap-default\">\n\t\t\t\t\t<div class=\"elementor-column elementor-col-100 elementor-top-column elementor-element elementor-element-a186e64 elementor-invisible\" data-id=\"a186e64\" data-element_type=\"column\" data-e-type=\"column\" data-settings=\"{&quot;animation&quot;:&quot;fadeIn&quot;,&quot;background_background&quot;:&quot;classic&quot;}\">\n\t\t\t<div class=\"elementor-widget-wrap elementor-element-populated\">\n\t\t\t\t\t\t<div class=\"elementor-element elementor-element-c98fbec e-transform elementor-invisible elementor-widget elementor-widget-html\" data-id=\"c98fbec\" data-element_type=\"widget\" data-e-type=\"widget\" data-settings=\"{&quot;_animation&quot;:&quot;bounce&quot;,&quot;_transform_skewX_effect&quot;:{&quot;unit&quot;:&quot;px&quot;,&quot;size&quot;:0,&quot;sizes&quot;:[]},&quot;_transform_skewX_effect_tablet&quot;:{&quot;unit&quot;:&quot;deg&quot;,&quot;size&quot;:&quot;&quot;,&quot;sizes&quot;:[]},&quot;_transform_skewX_effect_mobile&quot;:{&quot;unit&quot;:&quot;deg&quot;,&quot;size&quot;:&quot;&quot;,&quot;sizes&quot;:[]},&quot;_transform_skewY_effect&quot;:{&quot;unit&quot;:&quot;px&quot;,&quot;size&quot;:&quot;&quot;,&quot;sizes&quot;:[]},&quot;_transform_skewY_effect_tablet&quot;:{&quot;unit&quot;:&quot;deg&quot;,&quot;size&quot;:&quot;&quot;,&quot;sizes&quot;:[]},&quot;_transform_skewY_effect_mobile&quot;:{&quot;unit&quot;:&quot;deg&quot;,&quot;size&quot;:&quot;&quot;,&quot;sizes&quot;:[]}}\" data-widget_type=\"html.default\">\n\t\t\t\t<div class=\"elementor-widget-container\">\n\t\t\t\t\t<!doctype html>\r\n<html lang=\"en\">\r\n<head>\r\n  <meta charset=\"utf-8\">\r\n  <meta name=\"viewport\" content=\"width=device-width, initial-scale=1\">\r\n  <title>jQuery UI Autocomplete - Custom data and display<\/title>\r\n  <link rel=\"stylesheet\" href=\"\/\/code.jquery.com\/ui\/1.12.1\/themes\/base\/jquery-ui.css\">\r\n  <link rel=\"stylesheet\" href=\"\/resources\/demos\/style.css\">\r\n  <style>\r\n  #equivalence-label, #equivalence-label1, #equivalence-label2 {\r\n    display: block;\r\n    font-weight: bold;\r\n    margin-bottom: 1em;\r\n    padding-top: 4em;\r\n  }\r\n  #equivalence-icon {\r\n    float: left;\r\n    height: 32px;\r\n    width: 32px;\r\n  }\r\n  #equivalence-description {\r\n    margin: 0;\r\n    padding: 1em 0 0 0;\r\n  }\r\n  li.ui-menu-item {\r\n      padding-top: 7px;\r\n      padding-bottom: 7px;\r\n      font-size:16px;\r\n      padding-left: 35px;\r\n  }\r\n  <\/style>\r\n  <script src=\"https:\/\/code.jquery.com\/jquery-1.12.4.js\"><\/script>\r\n  <script src=\"https:\/\/code.jquery.com\/ui\/1.12.1\/jquery-ui.js\"><\/script>\r\n  <script>\r\n  \/\/ Fonction pour mettre en gras la partie correspondant \u00e0 la saisie de l'utilisateur\r\n    function highlightMatch(label, term) {\r\n        return label.replace(new RegExp(term, 'gi'), match => `<strong>${match}<\/strong>`);\r\n    }\r\n   $( function() {\r\n    ;\r\n \r\n    $( \"#equivalences\" ).autocomplete({\r\n      minLength: 1,\r\n      source: function(request, response) {\r\n            $.ajax({\r\n                url: \"https:\/\/chronotachygraphe.fr\/equivalences-api\/search.php\",\r\n                dataType: \"json\",\r\n                data: {\r\n                    term: request.term\r\n                },\r\n                success: function(data) {\r\n                    response(data.map(item => ({\r\n                        label: highlightMatch(item.label, request.term),\r\n                        value: item.label,\r\n                        resultat: item.resultat,\r\n                        category: item.category\r\n                    })));\r\n                }\r\n            });\r\n        },\r\n      focus: function( event, ui ) {\r\n        $( \"#equivalences\" ).val( ui.item.value );\r\n        return false;\r\n      },\r\n      select: function( event, ui ) {\r\n        $( \"#equivalence-id\" ).val( ui.item.value );\r\n        $( \"#equivalence-description\" ).html( \"<h3>\" +  ui.item.value + \"<\/h3>\" \r\n        + \"<h4>\" + ui.item.resultat + \"<\/h4>\"\r\n        + \"<h4 style='font-size:1.1em; color: #333;'>\" + ui.item.category +  \"<\/h4>\"  );\r\n \r\n        return false;\r\n      }\r\n    })\r\n    .autocomplete( \"instance\" )._renderItem = function( ul, item ) {\r\n      return $( \"<li>\" )\r\n        .append( \"<div>\" + item.label + \" - \"  + item.category +   \"<\/div>\" )\r\n        .appendTo( ul );\r\n    };\r\n  } );\r\n  <\/script>\r\n<\/head>\r\n  <body>\r\n\r\n<div style=\"width:100%;text-align:center; display:inline-block;\">\r\n      \r\n      <div id=\"equivalence-label\" style=\"#444\"> <\/div>\r\n      <label for=\"equivalences\" style=\"color: #aaa\">Saisissez votre r\u00e9f\u00e9rence stoneridge SE5000,1381 ou capteur kitas 4 \/ Lesikar<\/label><br\/>\r\n      <input id=\"equivalences\" placeholder=\"Votre r\u00e9f\u00e9rence\" style=\"border-radius: 23px; font-size: 24px; padding-left: 40px;cursor: text; padding-top: 5px; padding-bottom: 5px;line-height: 2em; width: 80%; border: 1px solid #aaa;\">\r\n      <input type=\"hidden\" id=\"project-id\">\r\n      <p id=\"equivalence-description\" style=\"font-size: larger;\"><\/p>\r\n\r\n\r\n<\/div>\r\n\r\n  <\/body>\r\n<\/html>\t\t\t\t<\/div>\n\t\t\t\t<\/div>\n\t\t\t\t<div class=\"elementor-element elementor-element-71aee79 elementor-widget elementor-widget-spacer\" data-id=\"71aee79\" data-element_type=\"widget\" data-e-type=\"widget\" data-widget_type=\"spacer.default\">\n\t\t\t\t<div class=\"elementor-widget-container\">\n\t\t\t\t\t\t\t<div class=\"elementor-spacer\">\n\t\t\t<div class=\"elementor-spacer-inner\"><\/div>\n\t\t<\/div>\n\t\t\t\t\t\t<\/div>\n\t\t\t\t<\/div>\n\t\t\t\t\t<\/div>\n\t\t<\/div>\n\t\t\t\t\t<\/div>\n\t\t<\/section>\n\t\t\t\t<section class=\"elementor-section elementor-top-section elementor-element elementor-element-15f8ce1 elementor-section-boxed elementor-section-height-default elementor-section-height-default wpr-particle-no wpr-jarallax-no wpr-parallax-no wpr-sticky-section-no wpr-column-slider-no wpr-equal-height-no\" data-id=\"15f8ce1\" data-element_type=\"section\" data-e-type=\"section\">\n\t\t\t\t\t\t<div class=\"elementor-container elementor-column-gap-default\">\n\t\t\t\t\t<div class=\"elementor-column elementor-col-100 elementor-top-column elementor-element elementor-element-be6a58a\" data-id=\"be6a58a\" data-element_type=\"column\" data-e-type=\"column\">\n\t\t\t<div class=\"elementor-widget-wrap elementor-element-populated\">\n\t\t\t\t\t\t<div class=\"elementor-element elementor-element-ce7b717 elementor-widget elementor-widget-spacer\" data-id=\"ce7b717\" data-element_type=\"widget\" data-e-type=\"widget\" data-widget_type=\"spacer.default\">\n\t\t\t\t<div class=\"elementor-widget-container\">\n\t\t\t\t\t\t\t<div class=\"elementor-spacer\">\n\t\t\t<div class=\"elementor-spacer-inner\"><\/div>\n\t\t<\/div>\n\t\t\t\t\t\t<\/div>\n\t\t\t\t<\/div>\n\t\t\t\t\t<\/div>\n\t\t<\/div>\n\t\t\t\t\t<\/div>\n\t\t<\/section>\n\t\t\t\t<section class=\"elementor-section elementor-top-section elementor-element elementor-element-4feba0f elementor-section-boxed elementor-section-height-default elementor-section-height-default wpr-particle-no wpr-jarallax-no wpr-parallax-no wpr-sticky-section-no wpr-column-slider-no wpr-equal-height-no\" data-id=\"4feba0f\" data-element_type=\"section\" data-e-type=\"section\">\n\t\t\t\t\t\t<div class=\"elementor-container elementor-column-gap-default\">\n\t\t\t\t\t<div class=\"elementor-column elementor-col-100 elementor-top-column elementor-element elementor-element-0836c7f\" data-id=\"0836c7f\" data-element_type=\"column\" data-e-type=\"column\">\n\t\t\t<div class=\"elementor-widget-wrap elementor-element-populated\">\n\t\t\t\t\t\t<div class=\"elementor-element elementor-element-2fe4bba elementor-widget elementor-widget-image\" data-id=\"2fe4bba\" data-element_type=\"widget\" data-e-type=\"widget\" data-widget_type=\"image.default\">\n\t\t\t\t<div class=\"elementor-widget-container\">\n\t\t\t\t\t\t\t\t\t\t\t\t\t\t\t\t<a href=\"http:\/\/chronotachygraphe.fr\/wp-content\/uploads\/VARIANTES-1CV2.pdf\">\n\t\t\t\t\t\t\t<img fetchpriority=\"high\" decoding=\"async\" width=\"400\" height=\"223\" src=\"https:\/\/chronotachygraphe.fr\/wp-content\/uploads\/variantes.png\" class=\"attachment-large size-large wp-image-5646\" alt=\"\" \/>\t\t\t\t\t\t\t\t<\/a>\n\t\t\t\t\t\t\t\t\t\t\t\t\t\t\t<\/div>\n\t\t\t\t<\/div>\n\t\t\t\t<div class=\"elementor-element elementor-element-5b60d35 elementor-widget elementor-widget-spacer\" data-id=\"5b60d35\" data-element_type=\"widget\" data-e-type=\"widget\" data-widget_type=\"spacer.default\">\n\t\t\t\t<div class=\"elementor-widget-container\">\n\t\t\t\t\t\t\t<div class=\"elementor-spacer\">\n\t\t\t<div class=\"elementor-spacer-inner\"><\/div>\n\t\t<\/div>\n\t\t\t\t\t\t<\/div>\n\t\t\t\t<\/div>\n\t\t\t\t\t<\/div>\n\t\t<\/div>\n\t\t\t\t\t<\/div>\n\t\t<\/section>\n\t\t\t\t<\/div>\n\t\t","protected":false},"excerpt":{"rendered":"<p>Equivalences r\u00e9f\u00e9rences VU et capteurs jQuery UI Autocomplete &#8211; Custom data and display Saisissez votre r\u00e9f\u00e9rence stoneridge SE5000,1381 ou capteur kitas 4 \/ Lesikar<\/p>\n","protected":false},"author":1,"featured_media":0,"parent":0,"menu_order":0,"comment_status":"closed","ping_status":"closed","template":"","meta":{"_acf_changed":false,"_monsterinsights_skip_tracking":false,"_monsterinsights_sitenote_active":false,"_monsterinsights_sitenote_note":"","_monsterinsights_sitenote_category":0,"neve_meta_sidebar":"","neve_meta_container":"","neve_meta_enable_content_width":"","neve_meta_content_width":0,"neve_meta_title_alignment":"","neve_meta_author_avatar":"","neve_post_elements_order":"","neve_meta_disable_header":"","neve_meta_disable_footer":"","neve_meta_disable_title":"on","footnotes":""},"class_list":["post-8016","page","type-page","status-publish","hentry"],"acf":[],"yoast_head":"<!-- This site is optimized with the Yoast SEO plugin v27.6 - https:\/\/yoast.com\/product\/yoast-seo-wordpress\/ -->\n<title>Equivalences - Extranet Inodis | Chronotachygraphe.fr<\/title>\n<meta name=\"robots\" content=\"noindex, follow, max-snippet:-1, max-image-preview:large, max-video-preview:-1\" \/>\n<meta property=\"og:locale\" content=\"fr_FR\" \/>\n<meta property=\"og:type\" content=\"article\" \/>\n<meta property=\"og:title\" content=\"Equivalences - Extranet Inodis | Chronotachygraphe.fr\" \/>\n<meta property=\"og:description\" content=\"Equivalences r\u00e9f\u00e9rences VU et capteurs jQuery UI Autocomplete &#8211; Custom data and display Saisissez votre r\u00e9f\u00e9rence stoneridge SE5000,1381 ou capteur kitas 4 \/ Lesikar\" \/>\n<meta property=\"og:url\" content=\"https:\/\/chronotachygraphe.fr\/index.php\/equivalences\/\" \/>\n<meta property=\"og:site_name\" content=\"Extranet Inodis | Chronotachygraphe.fr\" \/>\n<meta property=\"article:modified_time\" content=\"2026-02-26T08:10:17+00:00\" \/>\n<meta property=\"og:image\" content=\"https:\/\/chronotachygraphe.fr\/wp-content\/uploads\/variantes.png\" \/>\n\t<meta property=\"og:image:width\" content=\"400\" \/>\n\t<meta property=\"og:image:height\" content=\"223\" \/>\n\t<meta property=\"og:image:type\" content=\"image\/png\" \/>\n<meta name=\"twitter:card\" content=\"summary_large_image\" \/>\n<meta name=\"twitter:label1\" content=\"Dur\u00e9e de lecture estim\u00e9e\" \/>\n\t<meta name=\"twitter:data1\" content=\"1 minute\" \/>\n<script type=\"application\/ld+json\" class=\"yoast-schema-graph\">{\"@context\":\"https:\\\/\\\/schema.org\",\"@graph\":[{\"@type\":\"WebPage\",\"@id\":\"https:\\\/\\\/chronotachygraphe.fr\\\/index.php\\\/equivalences\\\/\",\"url\":\"https:\\\/\\\/chronotachygraphe.fr\\\/index.php\\\/equivalences\\\/\",\"name\":\"Equivalences - Extranet Inodis | Chronotachygraphe.fr\",\"isPartOf\":{\"@id\":\"https:\\\/\\\/chronotachygraphe.fr\\\/#website\"},\"primaryImageOfPage\":{\"@id\":\"https:\\\/\\\/chronotachygraphe.fr\\\/index.php\\\/equivalences\\\/#primaryimage\"},\"image\":{\"@id\":\"https:\\\/\\\/chronotachygraphe.fr\\\/index.php\\\/equivalences\\\/#primaryimage\"},\"thumbnailUrl\":\"https:\\\/\\\/chronotachygraphe.fr\\\/wp-content\\\/uploads\\\/variantes.png\",\"datePublished\":\"2024-05-22T13:15:42+00:00\",\"dateModified\":\"2026-02-26T08:10:17+00:00\",\"breadcrumb\":{\"@id\":\"https:\\\/\\\/chronotachygraphe.fr\\\/index.php\\\/equivalences\\\/#breadcrumb\"},\"inLanguage\":\"fr-FR\",\"potentialAction\":[{\"@type\":\"ReadAction\",\"target\":[\"https:\\\/\\\/chronotachygraphe.fr\\\/index.php\\\/equivalences\\\/\"]}]},{\"@type\":\"ImageObject\",\"inLanguage\":\"fr-FR\",\"@id\":\"https:\\\/\\\/chronotachygraphe.fr\\\/index.php\\\/equivalences\\\/#primaryimage\",\"url\":\"https:\\\/\\\/chronotachygraphe.fr\\\/wp-content\\\/uploads\\\/variantes.png\",\"contentUrl\":\"https:\\\/\\\/chronotachygraphe.fr\\\/wp-content\\\/uploads\\\/variantes.png\",\"width\":400,\"height\":223},{\"@type\":\"BreadcrumbList\",\"@id\":\"https:\\\/\\\/chronotachygraphe.fr\\\/index.php\\\/equivalences\\\/#breadcrumb\",\"itemListElement\":[{\"@type\":\"ListItem\",\"position\":1,\"name\":\"Accueil\",\"item\":\"https:\\\/\\\/chronotachygraphe.fr\\\/\"},{\"@type\":\"ListItem\",\"position\":2,\"name\":\"Equivalences\"}]},{\"@type\":\"WebSite\",\"@id\":\"https:\\\/\\\/chronotachygraphe.fr\\\/#website\",\"url\":\"https:\\\/\\\/chronotachygraphe.fr\\\/\",\"name\":\"Extranet Inodis | Chronotachygraphe.fr\",\"description\":\"Assistance technique et r\u00e9glementaire Inodis\",\"publisher\":{\"@id\":\"https:\\\/\\\/chronotachygraphe.fr\\\/#organization\"},\"potentialAction\":[{\"@type\":\"SearchAction\",\"target\":{\"@type\":\"EntryPoint\",\"urlTemplate\":\"https:\\\/\\\/chronotachygraphe.fr\\\/?s={search_term_string}\"},\"query-input\":{\"@type\":\"PropertyValueSpecification\",\"valueRequired\":true,\"valueName\":\"search_term_string\"}}],\"inLanguage\":\"fr-FR\"},{\"@type\":\"Organization\",\"@id\":\"https:\\\/\\\/chronotachygraphe.fr\\\/#organization\",\"name\":\"Extranet Inodis | Chronotachygraphe.fr\",\"url\":\"https:\\\/\\\/chronotachygraphe.fr\\\/\",\"logo\":{\"@type\":\"ImageObject\",\"inLanguage\":\"fr-FR\",\"@id\":\"https:\\\/\\\/chronotachygraphe.fr\\\/#\\\/schema\\\/logo\\\/image\\\/\",\"url\":\"https:\\\/\\\/chronotachygraphe.fr\\\/wp-content\\\/uploads\\\/2023\\\/08\\\/logo-inodis.png\",\"contentUrl\":\"https:\\\/\\\/chronotachygraphe.fr\\\/wp-content\\\/uploads\\\/2023\\\/08\\\/logo-inodis.png\",\"width\":3042,\"height\":1250,\"caption\":\"Extranet Inodis | Chronotachygraphe.fr\"},\"image\":{\"@id\":\"https:\\\/\\\/chronotachygraphe.fr\\\/#\\\/schema\\\/logo\\\/image\\\/\"}}]}<\/script>\n<!-- \/ Yoast SEO plugin. -->","yoast_head_json":{"title":"Equivalences - Extranet Inodis | Chronotachygraphe.fr","robots":{"index":"noindex","follow":"follow","max-snippet":"max-snippet:-1","max-image-preview":"max-image-preview:large","max-video-preview":"max-video-preview:-1"},"og_locale":"fr_FR","og_type":"article","og_title":"Equivalences - Extranet Inodis | Chronotachygraphe.fr","og_description":"Equivalences r\u00e9f\u00e9rences VU et capteurs jQuery UI Autocomplete &#8211; Custom data and display Saisissez votre r\u00e9f\u00e9rence stoneridge SE5000,1381 ou capteur kitas 4 \/ Lesikar","og_url":"https:\/\/chronotachygraphe.fr\/index.php\/equivalences\/","og_site_name":"Extranet Inodis | Chronotachygraphe.fr","article_modified_time":"2026-02-26T08:10:17+00:00","og_image":[{"width":400,"height":223,"url":"https:\/\/chronotachygraphe.fr\/wp-content\/uploads\/variantes.png","type":"image\/png"}],"twitter_card":"summary_large_image","twitter_misc":{"Dur\u00e9e de lecture estim\u00e9e":"1 minute"},"schema":{"@context":"https:\/\/schema.org","@graph":[{"@type":"WebPage","@id":"https:\/\/chronotachygraphe.fr\/index.php\/equivalences\/","url":"https:\/\/chronotachygraphe.fr\/index.php\/equivalences\/","name":"Equivalences - Extranet Inodis | Chronotachygraphe.fr","isPartOf":{"@id":"https:\/\/chronotachygraphe.fr\/#website"},"primaryImageOfPage":{"@id":"https:\/\/chronotachygraphe.fr\/index.php\/equivalences\/#primaryimage"},"image":{"@id":"https:\/\/chronotachygraphe.fr\/index.php\/equivalences\/#primaryimage"},"thumbnailUrl":"https:\/\/chronotachygraphe.fr\/wp-content\/uploads\/variantes.png","datePublished":"2024-05-22T13:15:42+00:00","dateModified":"2026-02-26T08:10:17+00:00","breadcrumb":{"@id":"https:\/\/chronotachygraphe.fr\/index.php\/equivalences\/#breadcrumb"},"inLanguage":"fr-FR","potentialAction":[{"@type":"ReadAction","target":["https:\/\/chronotachygraphe.fr\/index.php\/equivalences\/"]}]},{"@type":"ImageObject","inLanguage":"fr-FR","@id":"https:\/\/chronotachygraphe.fr\/index.php\/equivalences\/#primaryimage","url":"https:\/\/chronotachygraphe.fr\/wp-content\/uploads\/variantes.png","contentUrl":"https:\/\/chronotachygraphe.fr\/wp-content\/uploads\/variantes.png","width":400,"height":223},{"@type":"BreadcrumbList","@id":"https:\/\/chronotachygraphe.fr\/index.php\/equivalences\/#breadcrumb","itemListElement":[{"@type":"ListItem","position":1,"name":"Accueil","item":"https:\/\/chronotachygraphe.fr\/"},{"@type":"ListItem","position":2,"name":"Equivalences"}]},{"@type":"WebSite","@id":"https:\/\/chronotachygraphe.fr\/#website","url":"https:\/\/chronotachygraphe.fr\/","name":"Extranet Inodis | Chronotachygraphe.fr","description":"Assistance technique et r\u00e9glementaire Inodis","publisher":{"@id":"https:\/\/chronotachygraphe.fr\/#organization"},"potentialAction":[{"@type":"SearchAction","target":{"@type":"EntryPoint","urlTemplate":"https:\/\/chronotachygraphe.fr\/?s={search_term_string}"},"query-input":{"@type":"PropertyValueSpecification","valueRequired":true,"valueName":"search_term_string"}}],"inLanguage":"fr-FR"},{"@type":"Organization","@id":"https:\/\/chronotachygraphe.fr\/#organization","name":"Extranet Inodis | Chronotachygraphe.fr","url":"https:\/\/chronotachygraphe.fr\/","logo":{"@type":"ImageObject","inLanguage":"fr-FR","@id":"https:\/\/chronotachygraphe.fr\/#\/schema\/logo\/image\/","url":"https:\/\/chronotachygraphe.fr\/wp-content\/uploads\/2023\/08\/logo-inodis.png","contentUrl":"https:\/\/chronotachygraphe.fr\/wp-content\/uploads\/2023\/08\/logo-inodis.png","width":3042,"height":1250,"caption":"Extranet Inodis | Chronotachygraphe.fr"},"image":{"@id":"https:\/\/chronotachygraphe.fr\/#\/schema\/logo\/image\/"}}]}},"_links":{"self":[{"href":"https:\/\/chronotachygraphe.fr\/index.php\/wp-json\/wp\/v2\/pages\/8016","targetHints":{"allow":["GET"]}}],"collection":[{"href":"https:\/\/chronotachygraphe.fr\/index.php\/wp-json\/wp\/v2\/pages"}],"about":[{"href":"https:\/\/chronotachygraphe.fr\/index.php\/wp-json\/wp\/v2\/types\/page"}],"author":[{"embeddable":true,"href":"https:\/\/chronotachygraphe.fr\/index.php\/wp-json\/wp\/v2\/users\/1"}],"replies":[{"embeddable":true,"href":"https:\/\/chronotachygraphe.fr\/index.php\/wp-json\/wp\/v2\/comments?post=8016"}],"version-history":[{"count":92,"href":"https:\/\/chronotachygraphe.fr\/index.php\/wp-json\/wp\/v2\/pages\/8016\/revisions"}],"predecessor-version":[{"id":11411,"href":"https:\/\/chronotachygraphe.fr\/index.php\/wp-json\/wp\/v2\/pages\/8016\/revisions\/11411"}],"wp:attachment":[{"href":"https:\/\/chronotachygraphe.fr\/index.php\/wp-json\/wp\/v2\/media?parent=8016"}],"curies":[{"name":"wp","href":"https:\/\/api.w.org\/{rel}","templated":true}]}}